{"id":142,"date":"2014-06-04T04:49:32","date_gmt":"2014-06-04T03:49:32","guid":{"rendered":"http:\/\/www.focus-computer.com\/?page_id=142"},"modified":"2021-09-08T16:23:50","modified_gmt":"2021-09-08T15:23:50","slug":"produkte","status":"publish","type":"page","link":"https:\/\/www.focus-computer.com\/?page_id=142","title":{"rendered":"Kunden"},"content":{"rendered":"<p>Zu unseren langj\u00e4hrigen Kunden geh\u00f6ren bspw. die <a href=\"https:\/\/www.unimedizin-mainz.de\/index.html\" target=\"_blank\" rel=\"noopener\">Universit\u00e4tsmedizin Mainz<\/a> und die <a href=\"https:\/\/www.uni-frankfurt.de\/62746672\/Aktuelles?legacy_request=1\" target=\"_blank\" rel=\"noopener\">Europ\u00e4ische Akademie der Arbeit<\/a> in der Universit\u00e4t Frankfurt am Main. (Wir danken f\u00fcr die freundlichen Genehmigungen dieser Nennungen.)<\/p>\n\n\n<p><\/p>\n","protected":false},"excerpt":{"rendered":"<p>Zu unseren langj\u00e4hrigen Kunden geh\u00f6ren bspw. die Universit\u00e4tsmedizin Mainz und die Europ\u00e4ische Akademie der Arbeit in der Universit\u00e4t Frankfurt am Main. (Wir danken f\u00fcr die freundlichen Genehmigungen dieser Nennungen.)<\/p>\n","protected":false},"author":1,"featured_media":0,"parent":0,"menu_order":0,"comment_status":"closed","ping_status":"closed","template":"","meta":{"footnotes":""},"class_list":["post-142","page","type-page","status-publish","hentry"],"_links":{"self":[{"href":"https:\/\/www.focus-computer.com\/index.php?rest_route=\/wp\/v2\/pages\/142","targetHints":{"allow":["GET"]}}],"collection":[{"href":"https:\/\/www.focus-computer.com\/index.php?rest_route=\/wp\/v2\/pages"}],"about":[{"href":"https:\/\/www.focus-computer.com\/index.php?rest_route=\/wp\/v2\/types\/page"}],"author":[{"embeddable":true,"href":"https:\/\/www.focus-computer.com\/index.php?rest_route=\/wp\/v2\/users\/1"}],"replies":[{"embeddable":true,"href":"https:\/\/www.focus-computer.com\/index.php?rest_route=%2Fwp%2Fv2%2Fcomments&post=142"}],"version-history":[{"count":13,"href":"https:\/\/www.focus-computer.com\/index.php?rest_route=\/wp\/v2\/pages\/142\/revisions"}],"predecessor-version":[{"id":258,"href":"https:\/\/www.focus-computer.com\/index.php?rest_route=\/wp\/v2\/pages\/142\/revisions\/258"}],"wp:attachment":[{"href":"https:\/\/www.focus-computer.com\/index.php?rest_route=%2Fwp%2Fv2%2Fmedia&parent=142"}],"curies":[{"name":"wp","href":"https:\/\/api.w.org\/{rel}","templated":true}]}}