{"id":35,"date":"2014-01-09T11:28:14","date_gmt":"2014-01-09T10:28:14","guid":{"rendered":"http:\/\/www.focus-computer.com\/?page_id=35"},"modified":"2021-09-08T16:22:13","modified_gmt":"2021-09-08T15:22:13","slug":"startseite","status":"publish","type":"page","link":"https:\/\/www.focus-computer.com\/","title":{"rendered":"Im Focus"},"content":{"rendered":"<p><strong>Established 1992.&nbsp;<\/strong><br \/>\nFocus verf\u00fcgt \u00fcber drei Jahrzehnte Erfahrung in der Systementwicklung, im Bereich Data Services sowie in der umfassenden Implementierung und Auditierung von Systemlandschaften und IT-Infrastruktur.<\/p>\n<p><strong>Service aus einer Hand auch f\u00fcr kleine Unternehmen und Institute im Raum Frankfurt.<br \/>\n<\/strong>Durch unsere Mitarbeiter sorgen uns vor Ort um das Wohlergehen der Benutzer und ihrer IT-Systeme. Zugangskonzepte, Sicherheit, Infrastrukturplanung, Servermanagement, Stammdatenverwaltung &#8211; Beratung, Support und Wartung.<\/p>\n<p><strong>Zuverl\u00e4ssigkeit &amp; Rechtssicherheit f\u00fcr Unternehmen.<br \/>\n<\/strong>Bereits seit 1992 sorgen unsere Spezialisten f\u00fcr <strong><a href=\"https:\/\/www.focus-computer.com\/?page_id=57\">Data Services<\/a> <\/strong>f\u00fcr den zuverl\u00e4ssigen Betrieb und die rechtzeitige Aktualisierung von Unternehmensanwendungen und -systemen &#8211; auch im Hinblick auf rechtliche Aspekte wie Datenschutz, Compliance und Lizenzen, Stichwort <strong><a href=\"https:\/\/www.focus-computer.com\/?page_id=55\">Security &amp; Auditing<\/a><\/strong>.<\/p>\n<p><strong>Individuelle L\u00f6sungen f\u00fcr effizienten Workflow.<br \/>\n<\/strong>Focus Computer entwickelt ma\u00dfgeschneiderte Anwendungen im Bereich <strong><a href=\" https:\/\/www.focus-computer.com\/?page_id=53\">Unified Communications<\/a><\/strong>. Diese Systeme sorgen \u00fcber Workflow- und Interaktionsoptimierung f\u00fcr Effizienzsteigerung in daten- und verwaltungsintensiven Unternehmen und Organisationen. Bei der Entwicklung kommen grunds\u00e4tzlich nur erprobte und bew\u00e4hrte Technologien zum Einsatz.<\/p>\n<p><strong>Unified-Communications-Anwendungen.<br \/>\n<\/strong>Zu unserem Portfolio geh\u00f6rt auch eine Reihe propriet\u00e4rer Anwendungen, beispielsweise ein Datenbanksystem f\u00fcr rechtswissenschaftliche Institute, eine umfassende Verwaltungssoftware f\u00fcr Universit\u00e4ten sowie ein Tool f\u00fcr Videokonferenzen mit weltweit rund einer Million Nutzern. Bei Bedarf lassen sich die Systeme auf alle Anforderungen anpassen.<\/p>\n","protected":false},"excerpt":{"rendered":"<p>Established 1992.&nbsp; Focus verf\u00fcgt \u00fcber drei Jahrzehnte Erfahrung in der Systementwicklung, im Bereich Data Services sowie in der umfassenden Implementierung und Auditierung von Systemlandschaften und IT-Infrastruktur. Service aus einer Hand auch f\u00fcr kleine Unternehmen und Institute im Raum Frankfurt. Durch &hellip; <a href=\"https:\/\/www.focus-computer.com\/\">Weiterlesen <span class=\"meta-nav\">&rarr;<\/span><\/a><\/p>\n","protected":false},"author":3,"featured_media":0,"parent":0,"menu_order":0,"comment_status":"closed","ping_status":"closed","template":"","meta":{"footnotes":""},"class_list":["post-35","page","type-page","status-publish","hentry"],"_links":{"self":[{"href":"https:\/\/www.focus-computer.com\/index.php?rest_route=\/wp\/v2\/pages\/35","targetHints":{"allow":["GET"]}}],"collection":[{"href":"https:\/\/www.focus-computer.com\/index.php?rest_route=\/wp\/v2\/pages"}],"about":[{"href":"https:\/\/www.focus-computer.com\/index.php?rest_route=\/wp\/v2\/types\/page"}],"author":[{"embeddable":true,"href":"https:\/\/www.focus-computer.com\/index.php?rest_route=\/wp\/v2\/users\/3"}],"replies":[{"embeddable":true,"href":"https:\/\/www.focus-computer.com\/index.php?rest_route=%2Fwp%2Fv2%2Fcomments&post=35"}],"version-history":[{"count":32,"href":"https:\/\/www.focus-computer.com\/index.php?rest_route=\/wp\/v2\/pages\/35\/revisions"}],"predecessor-version":[{"id":241,"href":"https:\/\/www.focus-computer.com\/index.php?rest_route=\/wp\/v2\/pages\/35\/revisions\/241"}],"wp:attachment":[{"href":"https:\/\/www.focus-computer.com\/index.php?rest_route=%2Fwp%2Fv2%2Fmedia&parent=35"}],"curies":[{"name":"wp","href":"https:\/\/api.w.org\/{rel}","templated":true}]}}