{"id":55,"date":"2014-01-09T12:35:54","date_gmt":"2014-01-09T11:35:54","guid":{"rendered":"http:\/\/www.focus-computer.com\/?page_id=55"},"modified":"2014-01-10T14:13:07","modified_gmt":"2014-01-10T13:13:07","slug":"security-auditing","status":"publish","type":"page","link":"https:\/\/www.focus-computer.com\/?page_id=55","title":{"rendered":"Security &#038; Auditing"},"content":{"rendered":"<p>Ma\u00dfnahmen zur Risiko- und Schwachstellenanalyse sind ein wichtiger Bestandteil des Qualit\u00e4tsmanagements eines Unternehmens. Focus Computer unterst\u00fctzt Unternehmen beim Aufsp\u00fcren und Reduzieren von Sicherheitsl\u00fccken in Programmen und der IT-Infrastruktur. Durch eine angeschlossene Anwaltskanzlei k\u00f6nnen wir hierbei eine rechtssichere Beratung und Implementierung gew\u00e4hrleisten und Unternehmen fundiert beim betrieblichen Datenschutz unterst\u00fctzen.<\/p>\n<p><strong>Lizenzmanagement<\/strong><br \/>\nEin weiteres wichtiges Thema ist das Lizenzmanagement. Wir \u00fcberpr\u00fcfen bestehende Lizenzen und gleichen sie mit dem Nutzungsbedarf ab. So entstehen in Unternehmen weder kostspielige \u00dcberkapazit\u00e4ten, noch strafbare Unterkapazit\u00e4ten.<\/p>\n<p><strong>Code Auditing<\/strong><br \/>\nViele Firmen haben mit unzureichend harmonisierten Anwendungen zu k\u00e4mpfen, die in der Vergangenheit nicht ordnungsgem\u00e4\u00df programmiert wurden. Focus Computer f\u00fchrt bei Bedarf ein Code Auditing durch und sorgt daf\u00fcr, dass Ihre selbst entwickelten Anwendungen anschlussf\u00e4hig und nachvollziehbar werden.<\/p>\n","protected":false},"excerpt":{"rendered":"<p>Ma\u00dfnahmen zur Risiko- und Schwachstellenanalyse sind ein wichtiger Bestandteil des Qualit\u00e4tsmanagements eines Unternehmens. Focus Computer unterst\u00fctzt Unternehmen beim Aufsp\u00fcren und Reduzieren von Sicherheitsl\u00fccken in Programmen und der IT-Infrastruktur. Durch eine angeschlossene Anwaltskanzlei k\u00f6nnen wir hierbei eine rechtssichere Beratung und Implementierung &hellip; <a href=\"https:\/\/www.focus-computer.com\/?page_id=55\">Weiterlesen <span class=\"meta-nav\">&rarr;<\/span><\/a><\/p>\n","protected":false},"author":3,"featured_media":0,"parent":50,"menu_order":0,"comment_status":"closed","ping_status":"closed","template":"","meta":{"footnotes":""},"class_list":["post-55","page","type-page","status-publish","hentry"],"_links":{"self":[{"href":"https:\/\/www.focus-computer.com\/index.php?rest_route=\/wp\/v2\/pages\/55","targetHints":{"allow":["GET"]}}],"collection":[{"href":"https:\/\/www.focus-computer.com\/index.php?rest_route=\/wp\/v2\/pages"}],"about":[{"href":"https:\/\/www.focus-computer.com\/index.php?rest_route=\/wp\/v2\/types\/page"}],"author":[{"embeddable":true,"href":"https:\/\/www.focus-computer.com\/index.php?rest_route=\/wp\/v2\/users\/3"}],"replies":[{"embeddable":true,"href":"https:\/\/www.focus-computer.com\/index.php?rest_route=%2Fwp%2Fv2%2Fcomments&post=55"}],"version-history":[{"count":5,"href":"https:\/\/www.focus-computer.com\/index.php?rest_route=\/wp\/v2\/pages\/55\/revisions"}],"predecessor-version":[{"id":103,"href":"https:\/\/www.focus-computer.com\/index.php?rest_route=\/wp\/v2\/pages\/55\/revisions\/103"}],"up":[{"embeddable":true,"href":"https:\/\/www.focus-computer.com\/index.php?rest_route=\/wp\/v2\/pages\/50"}],"wp:attachment":[{"href":"https:\/\/www.focus-computer.com\/index.php?rest_route=%2Fwp%2Fv2%2Fmedia&parent=55"}],"curies":[{"name":"wp","href":"https:\/\/api.w.org\/{rel}","templated":true}]}}