{"id":57,"date":"2014-01-09T12:36:09","date_gmt":"2014-01-09T11:36:09","guid":{"rendered":"http:\/\/www.focus-computer.com\/?page_id=57"},"modified":"2020-04-30T22:00:22","modified_gmt":"2020-04-30T21:00:22","slug":"data-services","status":"publish","type":"page","link":"https:\/\/www.focus-computer.com\/?page_id=57","title":{"rendered":"Data Services"},"content":{"rendered":"<p>Die Zuverl\u00e4ssigkeit von Systemen und Datenbanken bildet das R\u00fcckgrat des operativen Gesch\u00e4fts und ist damit ein neuralgischer Punkt in Unternehmen. Focus Computer kennt alte und aktuelle Schwachstellen in der IT-Infrastruktur von Unternehmen und sorgt f\u00fcr zuverl\u00e4ssige Leistung mit mehrfach redundanten Systemen. So k\u00f6nnen Datenverlust oder Betriebsstillst\u00e4nde weitgehend ausgeschlossen werden. Wir verf\u00fcgen beispielsweise \u00fcber umfangreiche Erfahrung bei Konzeption und Aufbau von Storage-L\u00f6sungen mit Fibre-Channel-Technologie. Ebenso entwickeln wir komplexe Datenbankl\u00f6sungen unter strenger Workflow-Analyse.<\/p>\n<p>Neben der effizienten Implementierung von Data Services, reibungsloser Systemmigration oder der konsequenten Einf\u00fchrung von Voice-over-IP-Systemen, ber\u00e4t Focus Computer Unternehmen von Anbeginn bei der langfristigen und nachhaltigen Planung ihrer Infrastruktur, angefangen beim IT-Schutz bis hin zur Einhaltung von Compliance-Richtlinien.<\/p>\n","protected":false},"excerpt":{"rendered":"<p>Die Zuverl\u00e4ssigkeit von Systemen und Datenbanken bildet das R\u00fcckgrat des operativen Gesch\u00e4fts und ist damit ein neuralgischer Punkt in Unternehmen. Focus Computer kennt alte und aktuelle Schwachstellen in der IT-Infrastruktur von Unternehmen und sorgt f\u00fcr zuverl\u00e4ssige Leistung mit mehrfach redundanten &hellip; <a href=\"https:\/\/www.focus-computer.com\/?page_id=57\">Weiterlesen <span class=\"meta-nav\">&rarr;<\/span><\/a><\/p>\n","protected":false},"author":3,"featured_media":0,"parent":50,"menu_order":0,"comment_status":"closed","ping_status":"closed","template":"","meta":{"footnotes":""},"class_list":["post-57","page","type-page","status-publish","hentry"],"_links":{"self":[{"href":"https:\/\/www.focus-computer.com\/index.php?rest_route=\/wp\/v2\/pages\/57","targetHints":{"allow":["GET"]}}],"collection":[{"href":"https:\/\/www.focus-computer.com\/index.php?rest_route=\/wp\/v2\/pages"}],"about":[{"href":"https:\/\/www.focus-computer.com\/index.php?rest_route=\/wp\/v2\/types\/page"}],"author":[{"embeddable":true,"href":"https:\/\/www.focus-computer.com\/index.php?rest_route=\/wp\/v2\/users\/3"}],"replies":[{"embeddable":true,"href":"https:\/\/www.focus-computer.com\/index.php?rest_route=%2Fwp%2Fv2%2Fcomments&post=57"}],"version-history":[{"count":7,"href":"https:\/\/www.focus-computer.com\/index.php?rest_route=\/wp\/v2\/pages\/57\/revisions"}],"predecessor-version":[{"id":199,"href":"https:\/\/www.focus-computer.com\/index.php?rest_route=\/wp\/v2\/pages\/57\/revisions\/199"}],"up":[{"embeddable":true,"href":"https:\/\/www.focus-computer.com\/index.php?rest_route=\/wp\/v2\/pages\/50"}],"wp:attachment":[{"href":"https:\/\/www.focus-computer.com\/index.php?rest_route=%2Fwp%2Fv2%2Fmedia&parent=57"}],"curies":[{"name":"wp","href":"https:\/\/api.w.org\/{rel}","templated":true}]}}